{"id":188,"date":"2026-01-27T11:37:31","date_gmt":"2026-01-27T11:37:31","guid":{"rendered":"https:\/\/uus.bestnofire.com\/?page_id=188"},"modified":"2026-03-19T13:24:52","modified_gmt":"2026-03-19T13:24:52","slug":"miks-burnblock","status":"publish","type":"page","link":"https:\/\/uus.bestnofire.com\/en\/miks-burnblock\/","title":{"rendered":"Why burnblock?"},"content":{"rendered":"<div data-elementor-type=\"wp-page\" data-elementor-id=\"188\" class=\"elementor elementor-188\" data-elementor-post-type=\"page\">\n\t\t\t\t<div class=\"elementor-element elementor-element-a6010d1 e-flex e-con-boxed e-con e-parent\" data-id=\"a6010d1\" data-element_type=\"container\" data-e-type=\"container\">\n\t\t\t\t\t<div class=\"e-con-inner\">\n\t\t<div class=\"elementor-element elementor-element-c3e2a85 e-con-full e-flex e-con e-child\" data-id=\"c3e2a85\" data-element_type=\"container\" data-e-type=\"container\">\n\t\t\t\t<div class=\"elementor-element elementor-element-cf74d49 elementor-widget elementor-widget-heading\" data-id=\"cf74d49\" data-element_type=\"widget\" data-e-type=\"widget\" data-widget_type=\"heading.default\">\n\t\t\t\t\t<h2 class=\"elementor-heading-title elementor-size-default\"><br><h1 data-text=\"tna2e982d\" style=\"font-size: 50px;margin-bottom: 15px;line-height: 1.4;width: 400px;letter-spacing: 0.03rem;font-family: Lato, sans-serif;font-style: normal\">Why choose Burnblock?<\/h1><\/h2>\t\t\t\t<\/div>\n\t\t\t\t<\/div>\n\t\t<div class=\"elementor-element elementor-element-84ed673 e-con-full e-flex e-con e-child\" data-id=\"84ed673\" data-element_type=\"container\" data-e-type=\"container\">\n\t\t\t\t<div class=\"elementor-element elementor-element-d2f2f74 elementor-widget elementor-widget-text-editor\" data-id=\"d2f2f74\" data-element_type=\"widget\" data-e-type=\"widget\" data-widget_type=\"text-editor.default\">\n\t\t\t\t\t\t\t\t\t<div style=\"z-index: 1; width: 1200px; max-width: 90%; color: #212121; flex-direction: column; align-items: stretch; margin-left: auto; margin-right: auto; padding-left: 0px; padding-right: 0px; display: flex; position: relative; font-family: Lato, sans-serif;\"><div style=\"width: 1200px; max-width: 100%; gap: 0px 100px; flex: 0 1 auto; order: 1; grid-template-rows: auto; grid-template-columns: 1fr 1fr; grid-auto-columns: 1fr; align-content: stretch; align-items: start; margin-top: 0px; margin-bottom: 0px; padding-left: 0px; padding-right: 0px; font-size: 18px; display: grid; position: static;\"><div style=\"width: 500px; padding-left: 0px; line-height: 1.5;\" data-text=\"tn64e02732\">\u00a0<\/div><div style=\"width: 500px; padding-left: 0px; line-height: 1.5;\" data-text=\"tn64e02732\">\u00a0<\/div><div style=\"width: 500px; padding-left: 0px; line-height: 1.5;\" data-text=\"tn64e02732\">With BURNBLOCK, it is not a surface treatment but a pressure impregnation throughout the entire cross-section, ensuring the long-lasting compliance of wood products with Class B fire performance. Products treated with BURNBLOCK fire retardant do not require subsequent surface treatment to prevent the leaching of the retardant from the wood.<\/div><div>\u00a0<\/div><\/div><\/div>\t\t\t\t\t\t\t\t<\/div>\n\t\t\t\t<\/div>\n\t\t\t\t\t<\/div>\n\t\t\t\t<\/div>\n\t\t<div class=\"elementor-element elementor-element-32e65c2 e-flex e-con-boxed e-con e-parent\" data-id=\"32e65c2\" data-element_type=\"container\" data-e-type=\"container\">\n\t\t\t\t\t<div class=\"e-con-inner\">\n\t\t\t\t<div class=\"elementor-element elementor-element-7803c79 elementor-widget elementor-widget-spacer\" data-id=\"7803c79\" data-element_type=\"widget\" data-e-type=\"widget\" data-widget_type=\"spacer.default\">\n\t\t\t\t\t\t\t<div class=\"elementor-spacer\">\n\t\t\t<div class=\"elementor-spacer-inner\"><\/div>\n\t\t<\/div>\n\t\t\t\t\t\t<\/div>\n\t\t\t\t\t<\/div>\n\t\t\t\t<\/div>\n\t\t<div class=\"elementor-element elementor-element-1a0f800 e-grid e-con-boxed e-con e-parent\" data-id=\"1a0f800\" data-element_type=\"container\" data-e-type=\"container\">\n\t\t\t\t\t<div class=\"e-con-inner\">\n\t\t\t\t<div class=\"elementor-element elementor-element-097f55b elementor-align-center elementor-widget elementor-widget-button\" data-id=\"097f55b\" data-element_type=\"widget\" data-e-type=\"widget\" data-widget_type=\"button.default\">\n\t\t\t\t\t\t\t\t\t\t<a class=\"elementor-button elementor-button-link elementor-size-sm\" href=\"#\">\n\t\t\t\t\t\t<span class=\"elementor-button-content-wrapper\">\n\t\t\t\t\t\t\t\t\t<span class=\"elementor-button-text\">1. Why burnblock?<\/span>\n\t\t\t\t\t<\/span>\n\t\t\t\t\t<\/a>\n\t\t\t\t\t\t\t\t<\/div>\n\t\t\t\t<div class=\"elementor-element elementor-element-354aea9 elementor-align-center elementor-widget elementor-widget-button\" data-id=\"354aea9\" data-element_type=\"widget\" data-e-type=\"widget\" data-widget_type=\"button.default\">\n\t\t\t\t\t\t\t\t\t\t<a class=\"elementor-button elementor-button-link elementor-size-sm\" href=\"#\">\n\t\t\t\t\t\t<span class=\"elementor-button-content-wrapper\">\n\t\t\t\t\t\t\t\t\t<span class=\"elementor-button-text\">2. How we do it?<\/span>\n\t\t\t\t\t<\/span>\n\t\t\t\t\t<\/a>\n\t\t\t\t\t\t\t\t<\/div>\n\t\t\t\t<div class=\"elementor-element elementor-element-3aad0ab elementor-align-center elementor-widget elementor-widget-button\" data-id=\"3aad0ab\" data-element_type=\"widget\" data-e-type=\"widget\" data-widget_type=\"button.default\">\n\t\t\t\t\t\t\t\t\t\t<a class=\"elementor-button elementor-button-link elementor-size-sm\" href=\"https:\/\/uus.bestnofire.com\/en\/kuidas-tootab\/\">\n\t\t\t\t\t\t<span class=\"elementor-button-content-wrapper\">\n\t\t\t\t\t\t\t\t\t<span class=\"elementor-button-text\">3. How it works?<\/span>\n\t\t\t\t\t<\/span>\n\t\t\t\t\t<\/a>\n\t\t\t\t\t\t\t\t<\/div>\n\t\t\t\t\t<\/div>\n\t\t\t\t<\/div>\n\t\t<div class=\"elementor-element elementor-element-13e4b3c e-flex e-con-boxed e-con e-parent\" data-id=\"13e4b3c\" data-element_type=\"container\" data-e-type=\"container\">\n\t\t\t\t\t<div class=\"e-con-inner\">\n\t\t\t\t<div class=\"elementor-element elementor-element-7898d85 elementor-widget elementor-widget-spacer\" data-id=\"7898d85\" data-element_type=\"widget\" data-e-type=\"widget\" data-widget_type=\"spacer.default\">\n\t\t\t\t\t\t\t<div class=\"elementor-spacer\">\n\t\t\t<div class=\"elementor-spacer-inner\"><\/div>\n\t\t<\/div>\n\t\t\t\t\t\t<\/div>\n\t\t\t\t\t<\/div>\n\t\t\t\t<\/div>\n\t\t<div class=\"elementor-element elementor-element-fdaf34f e-flex e-con-boxed e-con e-parent\" data-id=\"fdaf34f\" data-element_type=\"container\" data-e-type=\"container\">\n\t\t\t\t\t<div class=\"e-con-inner\">\n\t\t\t\t<div class=\"elementor-element elementor-element-dbaaffd elementor-widget elementor-widget-heading\" data-id=\"dbaaffd\" data-element_type=\"widget\" data-e-type=\"widget\" data-widget_type=\"heading.default\">\n\t\t\t\t\t<h2 class=\"elementor-heading-title elementor-size-default\"><span style=\"font-family: Lato, sans-serif;font-size: 42px;letter-spacing: 0.48px\">&nbsp; What is<\/span><br style=\"font-family: Lato, sans-serif;font-size: 42px;letter-spacing: 0.48px\"><span style=\"font-family: Lato, sans-serif;font-size: 42px;letter-spacing: 0.48px\">&nbsp; BURNBLOCK?<\/span><\/h2>\t\t\t\t<\/div>\n\t\t\t\t\t<\/div>\n\t\t\t\t<\/div>\n\t\t<div class=\"elementor-element elementor-element-3ce2cac e-flex e-con-boxed e-con e-parent\" data-id=\"3ce2cac\" data-element_type=\"container\" data-e-type=\"container\">\n\t\t\t\t\t<div class=\"e-con-inner\">\n\t\t<div class=\"elementor-element elementor-element-96a267d e-con-full e-flex e-con e-child\" data-id=\"96a267d\" data-element_type=\"container\" data-e-type=\"container\">\n\t\t\t\t<\/div>\n\t\t<div class=\"elementor-element elementor-element-0e26a06 e-con-full e-flex e-con e-child\" data-id=\"0e26a06\" data-element_type=\"container\" data-e-type=\"container\">\n\t\t\t\t<div class=\"elementor-element elementor-element-b830830 elementor-widget elementor-widget-text-editor\" data-id=\"b830830\" data-element_type=\"widget\" data-e-type=\"widget\" data-widget_type=\"text-editor.default\">\n\t\t\t\t\t\t\t\t\t<p><span style=\"color: #212121; font-family: Lato, sans-serif; font-size: 18px;\">The entire process is computer-controlled, ensuring that the wood absorbs the proper amount of fire retardant and that it is evenly distributed throughout the entire raw material.<\/span><br style=\"color: #212121; font-family: Lato, sans-serif; font-size: 18px;\" \/><br style=\"color: #212121; font-family: Lato, sans-serif; font-size: 18px;\" \/><span style=\"color: #212121; font-family: Lato, sans-serif; font-size: 18px;\">BURNBLOCK is the world\u2019s first fire retardant to hold the Cradle to Cradle Certified\u2122 certification. C2C is a globally recognized standard for producing safer and more sustainable products within the circular economy. The circular economy program aims to support activities that use resources more efficiently, prevent waste and emissions, and reduce environmental impact.<\/span><\/p>\t\t\t\t\t\t\t\t<\/div>\n\t\t\t\t<\/div>\n\t\t\t\t\t<\/div>\n\t\t\t\t<\/div>\n\t\t<div class=\"elementor-element elementor-element-6b770ff e-flex e-con-boxed e-con e-parent\" data-id=\"6b770ff\" data-element_type=\"container\" data-e-type=\"container\">\n\t\t\t\t\t<div class=\"e-con-inner\">\n\t\t<div class=\"elementor-element elementor-element-a9e7a4d e-con-full e-flex e-con e-child\" data-id=\"a9e7a4d\" data-element_type=\"container\" data-e-type=\"container\">\n\t\t\t\t<\/div>\n\t\t<div class=\"elementor-element elementor-element-c1abb90 e-con-full e-flex e-con e-child\" data-id=\"c1abb90\" data-element_type=\"container\" data-e-type=\"container\">\n\t\t\t\t<div class=\"elementor-element elementor-element-46a7db0 elementor-widget elementor-widget-button\" data-id=\"46a7db0\" data-element_type=\"widget\" data-e-type=\"widget\" data-widget_type=\"button.default\">\n\t\t\t\t\t\t\t\t\t\t<a class=\"elementor-button elementor-button-link elementor-size-sm\" href=\"https:\/\/uus.bestnofire.com\/en\/sertifikaadid\/\">\n\t\t\t\t\t\t<span class=\"elementor-button-content-wrapper\">\n\t\t\t\t\t\t\t\t\t<span class=\"elementor-button-text\">Sertificates<\/span>\n\t\t\t\t\t<\/span>\n\t\t\t\t\t<\/a>\n\t\t\t\t\t\t\t\t<\/div>\n\t\t\t\t<\/div>\n\t\t\t\t\t<\/div>\n\t\t\t\t<\/div>\n\t\t<div class=\"elementor-element elementor-element-9958a2d e-flex e-con-boxed e-con e-parent\" data-id=\"9958a2d\" data-element_type=\"container\" data-e-type=\"container\">\n\t\t\t\t\t<div class=\"e-con-inner\">\n\t\t\t\t<div class=\"elementor-element elementor-element-aeabd17 elementor-widget elementor-widget-image\" data-id=\"aeabd17\" data-element_type=\"widget\" data-e-type=\"widget\" data-widget_type=\"image.default\">\n\t\t\t\t\t\t\t\t\t\t\t\t\t\t\t<img fetchpriority=\"high\" decoding=\"async\" width=\"1024\" height=\"576\" src=\"https:\/\/uus.bestnofire.com\/wp-content\/uploads\/2026\/02\/Burnblock_BestNoFire-1024x576.jpg\" class=\"attachment-large size-large wp-image-412\" alt=\"\" srcset=\"https:\/\/uus.bestnofire.com\/wp-content\/uploads\/2026\/02\/Burnblock_BestNoFire-1024x576.jpg 1024w, https:\/\/uus.bestnofire.com\/wp-content\/uploads\/2026\/02\/Burnblock_BestNoFire-300x169.jpg 300w, https:\/\/uus.bestnofire.com\/wp-content\/uploads\/2026\/02\/Burnblock_BestNoFire-768x432.jpg 768w, https:\/\/uus.bestnofire.com\/wp-content\/uploads\/2026\/02\/Burnblock_BestNoFire-1536x864.jpg 1536w, https:\/\/uus.bestnofire.com\/wp-content\/uploads\/2026\/02\/Burnblock_BestNoFire-2048x1152.jpg 2048w\" sizes=\"(max-width: 1024px) 100vw, 1024px\" \/>\t\t\t\t\t\t\t\t\t\t\t\t\t\t\t<\/div>\n\t\t\t\t\t<\/div>\n\t\t\t\t<\/div>\n\t\t\t\t<\/div>","protected":false},"excerpt":{"rendered":"<p>Miks valida Burnblock? \u00a0\u00a0BURNBLOCKi puhul pole tegemist pinnat\u00f6\u00f6tlusega, vaid surveimmutamisega kogu ristl\u00f5ike ulatuses, mis tagab puittoodete kestva vastavuse B klassi [&hellip;]<\/p>\n","protected":false},"author":1,"featured_media":0,"parent":0,"menu_order":0,"comment_status":"closed","ping_status":"closed","template":"","meta":{"_monsterinsights_skip_tracking":false,"_monsterinsights_sitenote_active":false,"_monsterinsights_sitenote_note":"","_monsterinsights_sitenote_category":0,"site-sidebar-layout":"no-sidebar","site-content-layout":"","ast-site-content-layout":"full-width-container","site-content-style":"default","site-sidebar-style":"default","ast-global-header-display":"","ast-banner-title-visibility":"","ast-main-header-display":"","ast-hfb-above-header-display":"","ast-hfb-below-header-display":"","ast-hfb-mobile-header-display":"","site-post-title":"","ast-breadcrumbs-content":"","ast-featured-img":"disabled","footer-sml-layout":"","ast-disable-related-posts":"","theme-transparent-header-meta":"","adv-header-id-meta":"","stick-header-meta":"","header-above-stick-meta":"","header-main-stick-meta":"","header-below-stick-meta":"","astra-migrate-meta-layouts":"default","ast-page-background-enabled":"default","ast-page-background-meta":{"desktop":{"background-color":"var(--ast-global-color-5)","background-image":"","background-repeat":"repeat","background-position":"center center","background-size":"auto","background-attachment":"scroll","background-type":"","background-media":"","overlay-type":"","overlay-color":"","overlay-opacity":"","overlay-gradient":""},"tablet":{"background-color":"","background-image":"","background-repeat":"repeat","background-position":"center center","background-size":"auto","background-attachment":"scroll","background-type":"","background-media":"","overlay-type":"","overlay-color":"","overlay-opacity":"","overlay-gradient":""},"mobile":{"background-color":"","background-image":"","background-repeat":"repeat","background-position":"center center","background-size":"auto","background-attachment":"scroll","background-type":"","background-media":"","overlay-type":"","overlay-color":"","overlay-opacity":"","overlay-gradient":""}},"ast-content-background-meta":{"desktop":{"background-color":"var(--ast-global-color-4)","background-image":"","background-repeat":"repeat","background-position":"center center","background-size":"auto","background-attachment":"scroll","background-type":"","background-media":"","overlay-type":"","overlay-color":"","overlay-opacity":"","overlay-gradient":""},"tablet":{"background-color":"var(--ast-global-color-4)","background-image":"","background-repeat":"repeat","background-position":"center center","background-size":"auto","background-attachment":"scroll","background-type":"","background-media":"","overlay-type":"","overlay-color":"","overlay-opacity":"","overlay-gradient":""},"mobile":{"background-color":"var(--ast-global-color-4)","background-image":"","background-repeat":"repeat","background-position":"center center","background-size":"auto","background-attachment":"scroll","background-type":"","background-media":"","overlay-type":"","overlay-color":"","overlay-opacity":"","overlay-gradient":""}},"footnotes":""},"class_list":["post-188","page","type-page","status-publish","hentry"],"aioseo_notices":[],"_links":{"self":[{"href":"https:\/\/uus.bestnofire.com\/en\/wp-json\/wp\/v2\/pages\/188","targetHints":{"allow":["GET"]}}],"collection":[{"href":"https:\/\/uus.bestnofire.com\/en\/wp-json\/wp\/v2\/pages"}],"about":[{"href":"https:\/\/uus.bestnofire.com\/en\/wp-json\/wp\/v2\/types\/page"}],"author":[{"embeddable":true,"href":"https:\/\/uus.bestnofire.com\/en\/wp-json\/wp\/v2\/users\/1"}],"replies":[{"embeddable":true,"href":"https:\/\/uus.bestnofire.com\/en\/wp-json\/wp\/v2\/comments?post=188"}],"version-history":[{"count":5,"href":"https:\/\/uus.bestnofire.com\/en\/wp-json\/wp\/v2\/pages\/188\/revisions"}],"predecessor-version":[{"id":529,"href":"https:\/\/uus.bestnofire.com\/en\/wp-json\/wp\/v2\/pages\/188\/revisions\/529"}],"wp:attachment":[{"href":"https:\/\/uus.bestnofire.com\/en\/wp-json\/wp\/v2\/media?parent=188"}],"curies":[{"name":"wp","href":"https:\/\/api.w.org\/{rel}","templated":true}]}}