{"id":190,"date":"2026-01-27T11:38:11","date_gmt":"2026-01-27T11:38:11","guid":{"rendered":"https:\/\/uus.bestnofire.com\/?page_id=190"},"modified":"2026-02-16T13:51:05","modified_gmt":"2026-02-16T13:51:05","slug":"kuidas-tootab","status":"publish","type":"page","link":"https:\/\/uus.bestnofire.com\/en\/kuidas-tootab\/","title":{"rendered":"How it works?"},"content":{"rendered":"<div data-elementor-type=\"wp-page\" data-elementor-id=\"190\" class=\"elementor elementor-190\" data-elementor-post-type=\"page\">\n\t\t\t\t<div class=\"elementor-element elementor-element-7d8b625 e-flex e-con-boxed e-con e-parent\" data-id=\"7d8b625\" data-element_type=\"container\" data-e-type=\"container\">\n\t\t\t\t\t<div class=\"e-con-inner\">\n\t\t<div class=\"elementor-element elementor-element-40269e2 e-con-full e-flex e-con e-child\" data-id=\"40269e2\" data-element_type=\"container\" data-e-type=\"container\">\n\t\t\t\t<div class=\"elementor-element elementor-element-2faf242 elementor-widget elementor-widget-text-editor\" data-id=\"2faf242\" data-element_type=\"widget\" data-e-type=\"widget\" data-widget_type=\"text-editor.default\">\n\t\t\t\t\t\t\t\t\t<h1 style=\"font-size: 50px; margin-bottom: 15px; line-height: 1.4; width: 400px; letter-spacing: 0.03rem; color: #212121; font-family: Lato, sans-serif; font-style: normal;\" data-textarea=\"tan7293ac29\">How does&nbsp; <strong>BURNBLOCK works?<\/strong>?<\/h1>\t\t\t\t\t\t\t\t<\/div>\n\t\t\t\t<\/div>\n\t\t<div class=\"elementor-element elementor-element-9e18914 e-con-full e-flex e-con e-child\" data-id=\"9e18914\" data-element_type=\"container\" data-e-type=\"container\">\n\t\t\t\t<div class=\"elementor-element elementor-element-fa5e254 elementor-widget elementor-widget-text-editor\" data-id=\"fa5e254\" data-element_type=\"widget\" data-e-type=\"widget\" data-widget_type=\"text-editor.default\">\n\t\t\t\t\t\t\t\t\t<p><span style=\"color: rgb(33, 33, 33); font-family: Lato, sans-serif; font-size: 18px;\">Three elements are required for a fire to start and develop: combustible material, oxygen, and heat (an ignition source). The BURNBLOCK fire retardant prevents oxygen from reaching the combustible material, which in our case is wood. Without access to oxygen, the risk of ignition is significantly reduced, and the rate at which the fire spreads is considerably slower.<\/span><\/p>\t\t\t\t\t\t\t\t<\/div>\n\t\t\t\t<\/div>\n\t\t\t\t\t<\/div>\n\t\t\t\t<\/div>\n\t\t<div class=\"elementor-element elementor-element-12cb563 e-flex e-con-boxed e-con e-parent\" data-id=\"12cb563\" data-element_type=\"container\" data-e-type=\"container\">\n\t\t\t\t\t<div class=\"e-con-inner\">\n\t\t\t\t<div class=\"elementor-element elementor-element-9dabb54 elementor-widget elementor-widget-spacer\" data-id=\"9dabb54\" data-element_type=\"widget\" data-e-type=\"widget\" data-widget_type=\"spacer.default\">\n\t\t\t\t\t\t\t<div class=\"elementor-spacer\">\n\t\t\t<div class=\"elementor-spacer-inner\"><\/div>\n\t\t<\/div>\n\t\t\t\t\t\t<\/div>\n\t\t\t\t\t<\/div>\n\t\t\t\t<\/div>\n\t\t<div class=\"elementor-element elementor-element-a64ead5 e-grid e-con-boxed e-con e-parent\" data-id=\"a64ead5\" data-element_type=\"container\" data-e-type=\"container\">\n\t\t\t\t\t<div class=\"e-con-inner\">\n\t\t\t\t<div class=\"elementor-element elementor-element-56703b7 elementor-widget__width-initial elementor-widget elementor-widget-video\" data-id=\"56703b7\" data-element_type=\"widget\" data-e-type=\"widget\" data-settings=\"{&quot;youtube_url&quot;:&quot;https:\\\/\\\/www.youtube.com\\\/watch?v=PTL2eExv6HU&amp;t=115s&quot;,&quot;start&quot;:0,&quot;video_type&quot;:&quot;youtube&quot;,&quot;controls&quot;:&quot;yes&quot;}\" data-widget_type=\"video.default\">\n\t\t\t\t\t\t\t<div class=\"elementor-wrapper elementor-open-inline\">\n\t\t\t<div class=\"elementor-video\"><\/div>\t\t<\/div>\n\t\t\t\t\t\t<\/div>\n\t\t\t\t<div class=\"elementor-element elementor-element-2a67616 elementor-widget elementor-widget-text-editor\" data-id=\"2a67616\" data-element_type=\"widget\" data-e-type=\"widget\" data-widget_type=\"text-editor.default\">\n\t\t\t\t\t\t\t\t\t<p><span style=\"color: #212121; font-family: Lato, sans-serif; font-size: 18px;\">The attached video shows how two identical wooden houses are burning\u2014one treated with BURNBLOCK fire retardant and the other untreated.<\/span><br style=\"color: #212121; font-family: Lato, sans-serif; font-size: 18px;\" \/><br style=\"color: #212121; font-family: Lato, sans-serif; font-size: 18px;\" \/><strong style=\"color: #212121; font-family: Lato, sans-serif; font-size: 18px;\">BURNBLOCK fire retardan\u00a0<\/strong><span style=\"color: #212121; font-family: Lato, sans-serif; font-size: 18px;\">It has been successfully tested by several accredited testing institutes: the Danish Institute of Fire and Safety Technology, RI.SE in Sweden, MPA in Germany, and BRE in the United Kingdom.<\/span><\/p>\t\t\t\t\t\t\t\t<\/div>\n\t\t\t\t\t<\/div>\n\t\t\t\t<\/div>\n\t\t<div class=\"elementor-element elementor-element-419a947 e-flex e-con-boxed e-con e-parent\" data-id=\"419a947\" data-element_type=\"container\" data-e-type=\"container\">\n\t\t\t\t\t<div class=\"e-con-inner\">\n\t\t\t\t<div class=\"elementor-element elementor-element-acc6af8 elementor-widget elementor-widget-spacer\" data-id=\"acc6af8\" data-element_type=\"widget\" data-e-type=\"widget\" data-widget_type=\"spacer.default\">\n\t\t\t\t\t\t\t<div class=\"elementor-spacer\">\n\t\t\t<div class=\"elementor-spacer-inner\"><\/div>\n\t\t<\/div>\n\t\t\t\t\t\t<\/div>\n\t\t\t\t\t<\/div>\n\t\t\t\t<\/div>\n\t\t<div class=\"elementor-element elementor-element-dd9b619 e-flex e-con-boxed e-con e-parent\" data-id=\"dd9b619\" data-element_type=\"container\" data-e-type=\"container\">\n\t\t\t\t\t<div class=\"e-con-inner\">\n\t\t\t\t<div class=\"elementor-element elementor-element-075d422 elementor-widget elementor-widget-text-editor\" data-id=\"075d422\" data-element_type=\"widget\" data-e-type=\"widget\" data-widget_type=\"text-editor.default\">\n\t\t\t\t\t\t\t\t\t<p><strong style=\"color: #212121; font-family: Lato, sans-serif; font-size: 18px;\">BURNBLOCK works?\u00a0<\/strong><span style=\"color: #212121; font-family: Lato, sans-serif; font-size: 18px;\">Wood treated with fire retardant significantly extends the time between ignition and the development of flames, thereby providing residents with additional time to evacuate in case of a fire, and reducing the rate of fire spread as well as the costs associated with damage.<\/span><\/p>\t\t\t\t\t\t\t\t<\/div>\n\t\t\t\t\t<\/div>\n\t\t\t\t<\/div>\n\t\t\t\t<\/div>","protected":false},"excerpt":{"rendered":"<p>Kuidas t\u00f6\u00f6tab&nbsp; BURNBLOCK? Tule\u00f5nnetuse tekkeks ja arenemiseks on vaja kolme elementi: p\u00f5lev aine, hapnik ja kuumus (s\u00fc\u00fcteallikas). BURNBLOCK tuleaeglusti takistab [&hellip;]<\/p>\n","protected":false},"author":1,"featured_media":0,"parent":0,"menu_order":0,"comment_status":"closed","ping_status":"closed","template":"","meta":{"_monsterinsights_skip_tracking":false,"_monsterinsights_sitenote_active":false,"_monsterinsights_sitenote_note":"","_monsterinsights_sitenote_category":0,"site-sidebar-layout":"no-sidebar","site-content-layout":"","ast-site-content-layout":"full-width-container","site-content-style":"default","site-sidebar-style":"default","ast-global-header-display":"","ast-banner-title-visibility":"","ast-main-header-display":"","ast-hfb-above-header-display":"","ast-hfb-below-header-display":"","ast-hfb-mobile-header-display":"","site-post-title":"disabled","ast-breadcrumbs-content":"","ast-featured-img":"disabled","footer-sml-layout":"","ast-disable-related-posts":"","theme-transparent-header-meta":"","adv-header-id-meta":"","stick-header-meta":"","header-above-stick-meta":"","header-main-stick-meta":"","header-below-stick-meta":"","astra-migrate-meta-layouts":"default","ast-page-background-enabled":"default","ast-page-background-meta":{"desktop":{"background-color":"var(--ast-global-color-5)","background-image":"","background-repeat":"repeat","background-position":"center center","background-size":"auto","background-attachment":"scroll","background-type":"","background-media":"","overlay-type":"","overlay-color":"","overlay-opacity":"","overlay-gradient":""},"tablet":{"background-color":"","background-image":"","background-repeat":"repeat","background-position":"center center","background-size":"auto","background-attachment":"scroll","background-type":"","background-media":"","overlay-type":"","overlay-color":"","overlay-opacity":"","overlay-gradient":""},"mobile":{"background-color":"","background-image":"","background-repeat":"repeat","background-position":"center center","background-size":"auto","background-attachment":"scroll","background-type":"","background-media":"","overlay-type":"","overlay-color":"","overlay-opacity":"","overlay-gradient":""}},"ast-content-background-meta":{"desktop":{"background-color":"var(--ast-global-color-4)","background-image":"","background-repeat":"repeat","background-position":"center center","background-size":"auto","background-attachment":"scroll","background-type":"","background-media":"","overlay-type":"","overlay-color":"","overlay-opacity":"","overlay-gradient":""},"tablet":{"background-color":"var(--ast-global-color-4)","background-image":"","background-repeat":"repeat","background-position":"center center","background-size":"auto","background-attachment":"scroll","background-type":"","background-media":"","overlay-type":"","overlay-color":"","overlay-opacity":"","overlay-gradient":""},"mobile":{"background-color":"var(--ast-global-color-4)","background-image":"","background-repeat":"repeat","background-position":"center center","background-size":"auto","background-attachment":"scroll","background-type":"","background-media":"","overlay-type":"","overlay-color":"","overlay-opacity":"","overlay-gradient":""}},"footnotes":""},"class_list":["post-190","page","type-page","status-publish","hentry"],"aioseo_notices":[],"_links":{"self":[{"href":"https:\/\/uus.bestnofire.com\/en\/wp-json\/wp\/v2\/pages\/190","targetHints":{"allow":["GET"]}}],"collection":[{"href":"https:\/\/uus.bestnofire.com\/en\/wp-json\/wp\/v2\/pages"}],"about":[{"href":"https:\/\/uus.bestnofire.com\/en\/wp-json\/wp\/v2\/types\/page"}],"author":[{"embeddable":true,"href":"https:\/\/uus.bestnofire.com\/en\/wp-json\/wp\/v2\/users\/1"}],"replies":[{"embeddable":true,"href":"https:\/\/uus.bestnofire.com\/en\/wp-json\/wp\/v2\/comments?post=190"}],"version-history":[{"count":5,"href":"https:\/\/uus.bestnofire.com\/en\/wp-json\/wp\/v2\/pages\/190\/revisions"}],"predecessor-version":[{"id":402,"href":"https:\/\/uus.bestnofire.com\/en\/wp-json\/wp\/v2\/pages\/190\/revisions\/402"}],"wp:attachment":[{"href":"https:\/\/uus.bestnofire.com\/en\/wp-json\/wp\/v2\/media?parent=190"}],"curies":[{"name":"wp","href":"https:\/\/api.w.org\/{rel}","templated":true}]}}