{"id":194,"date":"2026-01-27T11:39:52","date_gmt":"2026-01-27T11:39:52","guid":{"rendered":"https:\/\/uus.bestnofire.com\/?page_id=194"},"modified":"2026-03-16T12:19:27","modified_gmt":"2026-03-16T12:19:27","slug":"sertifikaadid","status":"publish","type":"page","link":"https:\/\/uus.bestnofire.com\/en\/sertifikaadid\/","title":{"rendered":"Sertificates"},"content":{"rendered":"<div data-elementor-type=\"wp-page\" data-elementor-id=\"194\" class=\"elementor elementor-194\" data-elementor-post-type=\"page\">\n\t\t\t\t<div class=\"elementor-element elementor-element-523f0ea e-flex e-con-boxed e-con e-parent\" data-id=\"523f0ea\" data-element_type=\"container\" data-e-type=\"container\">\n\t\t\t\t\t<div class=\"e-con-inner\">\n\t\t<div class=\"elementor-element elementor-element-6d6b754 e-con-full e-flex e-con e-child\" data-id=\"6d6b754\" data-element_type=\"container\" data-e-type=\"container\">\n\t\t\t\t<div class=\"elementor-element elementor-element-f99a849 elementor-widget__width-initial elementor-widget elementor-widget-text-editor\" data-id=\"f99a849\" data-element_type=\"widget\" data-e-type=\"widget\" data-widget_type=\"text-editor.default\">\n\t\t\t\t\t\t\t\t\t<h1 style=\"font-size: 50px; margin-bottom: 15px; line-height: 1.4; width: 400px; letter-spacing: 0.03rem; color: #212121; font-family: Lato, sans-serif; font-style: normal;\" data-text=\"tnfd04f4\">Sertificates<\/h1><div><span style=\"color: #212121; font-family: Lato, sans-serif; font-size: 18px;\">We hold a CE certification for fire retardant impregnation. We are regularly audited by the Finnish certification agency Finotrol Oy in accordance with System 1 of the AVCP (Assessment and Verification of Constancy of Performance) framework.<\/span><\/div>\t\t\t\t\t\t\t\t<\/div>\n\t\t\t\t<\/div>\n\t\t\t\t\t<\/div>\n\t\t\t\t<\/div>\n\t\t<div class=\"elementor-element elementor-element-ecabc30 e-flex e-con-boxed e-con e-parent\" data-id=\"ecabc30\" data-element_type=\"container\" data-e-type=\"container\">\n\t\t\t\t\t<div class=\"e-con-inner\">\n\t\t<div class=\"elementor-element elementor-element-f4750f8 e-con-full e-flex e-con e-child\" data-id=\"f4750f8\" data-element_type=\"container\" data-e-type=\"container\">\n\t\t\t\t<div class=\"elementor-element elementor-element-e87150f elementor-widget__width-initial elementor-widget elementor-widget-image\" data-id=\"e87150f\" data-element_type=\"widget\" data-e-type=\"widget\" data-widget_type=\"image.default\">\n\t\t\t\t\t\t\t\t\t\t\t\t<figure class=\"wp-caption\">\n\t\t\t\t\t\t\t\t\t\t\t<a href=\"http:\/\/uus.bestnofire.com\/wp-content\/uploads\/2026\/02\/dop-007_en.png\" data-elementor-open-lightbox=\"yes\" data-elementor-lightbox-title=\"dop-007_en\" data-e-action-hash=\"#elementor-action%3Aaction%3Dlightbox%26settings%3DeyJpZCI6MzA0LCJ1cmwiOiJodHRwczpcL1wvdXVzLmJlc3Rub2ZpcmUuY29tXC93cC1jb250ZW50XC91cGxvYWRzXC8yMDI2XC8wMlwvZG9wLTAwN19lbi5wbmcifQ%3D%3D\">\n\t\t\t\t\t\t\t<img fetchpriority=\"high\" decoding=\"async\" width=\"760\" height=\"1072\" src=\"https:\/\/uus.bestnofire.com\/wp-content\/uploads\/2026\/02\/dop-007_en.png\" class=\"attachment-medium_large size-medium_large wp-image-304\" alt=\"\" srcset=\"https:\/\/uus.bestnofire.com\/wp-content\/uploads\/2026\/02\/dop-007_en.png 760w, https:\/\/uus.bestnofire.com\/wp-content\/uploads\/2026\/02\/dop-007_en-213x300.png 213w, https:\/\/uus.bestnofire.com\/wp-content\/uploads\/2026\/02\/dop-007_en-726x1024.png 726w\" sizes=\"(max-width: 760px) 100vw, 760px\" \/>\t\t\t\t\t\t\t\t<\/a>\n\t\t\t\t\t\t\t\t\t\t\t<figcaption class=\"widget-image-caption wp-caption-text\">Termoayous<\/figcaption>\n\t\t\t\t\t\t\t\t\t\t<\/figure>\n\t\t\t\t\t\t\t\t\t<\/div>\n\t\t\t\t<\/div>\n\t\t<div class=\"elementor-element elementor-element-3b4b226 e-con-full e-flex e-con e-child\" data-id=\"3b4b226\" data-element_type=\"container\" data-e-type=\"container\">\n\t\t\t\t<div class=\"elementor-element elementor-element-fb23751 elementor-widget__width-initial elementor-widget elementor-widget-image\" data-id=\"fb23751\" data-element_type=\"widget\" data-e-type=\"widget\" data-widget_type=\"image.default\">\n\t\t\t\t\t\t\t\t\t\t\t\t<figure class=\"wp-caption\">\n\t\t\t\t\t\t\t\t\t\t\t<a href=\"http:\/\/uus.bestnofire.com\/wp-content\/uploads\/2026\/02\/dop-006_en.png\" data-elementor-open-lightbox=\"yes\" data-elementor-lightbox-title=\"dop-006_en\" data-e-action-hash=\"#elementor-action%3Aaction%3Dlightbox%26settings%3DeyJpZCI6MzAzLCJ1cmwiOiJodHRwczpcL1wvdXVzLmJlc3Rub2ZpcmUuY29tXC93cC1jb250ZW50XC91cGxvYWRzXC8yMDI2XC8wMlwvZG9wLTAwNl9lbi5wbmcifQ%3D%3D\">\n\t\t\t\t\t\t\t<img decoding=\"async\" width=\"762\" height=\"1072\" src=\"https:\/\/uus.bestnofire.com\/wp-content\/uploads\/2026\/02\/dop-006_en.png\" class=\"attachment-medium_large size-medium_large wp-image-303\" alt=\"\" srcset=\"https:\/\/uus.bestnofire.com\/wp-content\/uploads\/2026\/02\/dop-006_en.png 762w, https:\/\/uus.bestnofire.com\/wp-content\/uploads\/2026\/02\/dop-006_en-213x300.png 213w, https:\/\/uus.bestnofire.com\/wp-content\/uploads\/2026\/02\/dop-006_en-728x1024.png 728w\" sizes=\"(max-width: 762px) 100vw, 762px\" \/>\t\t\t\t\t\t\t\t<\/a>\n\t\t\t\t\t\t\t\t\t\t\t<figcaption class=\"widget-image-caption wp-caption-text\">Termokuusk<\/figcaption>\n\t\t\t\t\t\t\t\t\t\t<\/figure>\n\t\t\t\t\t\t\t\t\t<\/div>\n\t\t\t\t<\/div>\n\t\t<div class=\"elementor-element elementor-element-0090066 e-con-full e-flex e-con e-child\" data-id=\"0090066\" data-element_type=\"container\" data-e-type=\"container\">\n\t\t\t\t<div class=\"elementor-element elementor-element-58025bd elementor-widget__width-initial elementor-widget elementor-widget-image\" data-id=\"58025bd\" data-element_type=\"widget\" data-e-type=\"widget\" data-widget_type=\"image.default\">\n\t\t\t\t\t\t\t\t\t\t\t\t<figure class=\"wp-caption\">\n\t\t\t\t\t\t\t\t\t\t\t<a href=\"http:\/\/uus.bestnofire.com\/wp-content\/uploads\/2026\/02\/dop-005_en.png\" data-elementor-open-lightbox=\"yes\" data-elementor-lightbox-title=\"dop-005_en\" data-e-action-hash=\"#elementor-action%3Aaction%3Dlightbox%26settings%3DeyJpZCI6MzAyLCJ1cmwiOiJodHRwczpcL1wvdXVzLmJlc3Rub2ZpcmUuY29tXC93cC1jb250ZW50XC91cGxvYWRzXC8yMDI2XC8wMlwvZG9wLTAwNV9lbi5wbmcifQ%3D%3D\">\n\t\t\t\t\t\t\t<img decoding=\"async\" width=\"760\" height=\"1074\" src=\"https:\/\/uus.bestnofire.com\/wp-content\/uploads\/2026\/02\/dop-005_en.png\" class=\"attachment-medium_large size-medium_large wp-image-302\" alt=\"\" srcset=\"https:\/\/uus.bestnofire.com\/wp-content\/uploads\/2026\/02\/dop-005_en.png 760w, https:\/\/uus.bestnofire.com\/wp-content\/uploads\/2026\/02\/dop-005_en-212x300.png 212w, https:\/\/uus.bestnofire.com\/wp-content\/uploads\/2026\/02\/dop-005_en-725x1024.png 725w\" sizes=\"(max-width: 760px) 100vw, 760px\" \/>\t\t\t\t\t\t\t\t<\/a>\n\t\t\t\t\t\t\t\t\t\t\t<figcaption class=\"widget-image-caption wp-caption-text\">Termom\u00e4nd<\/figcaption>\n\t\t\t\t\t\t\t\t\t\t<\/figure>\n\t\t\t\t\t\t\t\t\t<\/div>\n\t\t\t\t<\/div>\n\t\t<div class=\"elementor-element elementor-element-277e853 e-con-full e-flex e-con e-child\" data-id=\"277e853\" data-element_type=\"container\" data-e-type=\"container\">\n\t\t\t\t<div class=\"elementor-element elementor-element-62a2377 elementor-widget__width-initial elementor-widget elementor-widget-image\" data-id=\"62a2377\" data-element_type=\"widget\" data-e-type=\"widget\" data-widget_type=\"image.default\">\n\t\t\t\t\t\t\t\t\t\t\t\t<figure class=\"wp-caption\">\n\t\t\t\t\t\t\t\t\t\t\t<a href=\"https:\/\/uus.bestnofire.com\/wp-content\/uploads\/2026\/03\/Kuvatommis-2026-03-16-141716.png\" data-elementor-open-lightbox=\"yes\" data-elementor-lightbox-title=\"Kuvat\u00f5mmis 2026-03-16 141716\" data-e-action-hash=\"#elementor-action%3Aaction%3Dlightbox%26settings%3DeyJpZCI6NTE2LCJ1cmwiOiJodHRwczpcL1wvdXVzLmJlc3Rub2ZpcmUuY29tXC93cC1jb250ZW50XC91cGxvYWRzXC8yMDI2XC8wM1wvS3V2YXRvbW1pcy0yMDI2LTAzLTE2LTE0MTcxNi5wbmcifQ%3D%3D\">\n\t\t\t\t\t\t\t<img loading=\"lazy\" decoding=\"async\" width=\"768\" height=\"1090\" src=\"https:\/\/uus.bestnofire.com\/wp-content\/uploads\/2026\/03\/Kuvatommis-2026-03-16-141716-768x1090.png\" class=\"attachment-medium_large size-medium_large wp-image-516\" alt=\"\" srcset=\"https:\/\/uus.bestnofire.com\/wp-content\/uploads\/2026\/03\/Kuvatommis-2026-03-16-141716-768x1090.png 768w, https:\/\/uus.bestnofire.com\/wp-content\/uploads\/2026\/03\/Kuvatommis-2026-03-16-141716-211x300.png 211w, https:\/\/uus.bestnofire.com\/wp-content\/uploads\/2026\/03\/Kuvatommis-2026-03-16-141716-721x1024.png 721w, https:\/\/uus.bestnofire.com\/wp-content\/uploads\/2026\/03\/Kuvatommis-2026-03-16-141716-8x12.png 8w, https:\/\/uus.bestnofire.com\/wp-content\/uploads\/2026\/03\/Kuvatommis-2026-03-16-141716.png 905w\" sizes=\"(max-width: 768px) 100vw, 768px\" \/>\t\t\t\t\t\t\t\t<\/a>\n\t\t\t\t\t\t\t\t\t\t\t<figcaption class=\"widget-image-caption wp-caption-text\">Toimivuse p\u00fcsivuse sertifikaat<\/figcaption>\n\t\t\t\t\t\t\t\t\t\t<\/figure>\n\t\t\t\t\t\t\t\t\t<\/div>\n\t\t\t\t<\/div>\n\t\t\t\t\t<\/div>\n\t\t\t\t<\/div>\n\t\t<div class=\"elementor-element elementor-element-16a0508 e-flex e-con-boxed e-con e-parent\" data-id=\"16a0508\" data-element_type=\"container\" data-e-type=\"container\">\n\t\t\t\t\t<div class=\"e-con-inner\">\n\t\t\t\t<div class=\"elementor-element elementor-element-9d11955 elementor-invisible elementor-widget elementor-widget-n-accordion\" data-id=\"9d11955\" data-element_type=\"widget\" data-e-type=\"widget\" data-settings=\"{&quot;default_state&quot;:&quot;all_collapsed&quot;,&quot;max_items_expended&quot;:&quot;multiple&quot;,&quot;n_accordion_animation_duration&quot;:{&quot;unit&quot;:&quot;ms&quot;,&quot;size&quot;:600,&quot;sizes&quot;:[]},&quot;_animation&quot;:&quot;fadeInUp&quot;}\" data-widget_type=\"nested-accordion.default\">\n\t\t\t\t\t\t\t<div class=\"e-n-accordion\" aria-label=\"Accordion. Open links with Enter or Space, close with Escape, and navigate with Arrow Keys\">\n\t\t\t\t\t\t<details id=\"e-n-accordion-item-1640\" class=\"e-n-accordion-item\" >\n\t\t\t\t<summary class=\"e-n-accordion-item-title\" data-accordion-index=\"1\" tabindex=\"0\" aria-expanded=\"false\" aria-controls=\"e-n-accordion-item-1640\" >\n\t\t\t\t\t<span class='e-n-accordion-item-title-header'><div class=\"e-n-accordion-item-title-text\"> CE-sertificate <\/div><\/span>\n\t\t\t\t\t\t\t<span class='e-n-accordion-item-title-icon'>\n\t\t\t<span class='e-opened' ><svg aria-hidden=\"true\" class=\"e-font-icon-svg e-fas-minus\" viewbox=\"0 0 448 512\" xmlns=\"http:\/\/www.w3.org\/2000\/svg\"><path d=\"M416 208H32c-17.67 0-32 14.33-32 32v32c0 17.67 14.33 32 32 32h384c17.67 0 32-14.33 32-32v-32c0-17.67-14.33-32-32-32z\"><\/path><\/svg><\/span>\n\t\t\t<span class='e-closed'><svg aria-hidden=\"true\" class=\"e-font-icon-svg e-fas-plus\" viewbox=\"0 0 448 512\" xmlns=\"http:\/\/www.w3.org\/2000\/svg\"><path d=\"M416 208H272V64c0-17.67-14.33-32-32-32h-32c-17.67 0-32 14.33-32 32v144H32c-17.67 0-32 14.33-32 32v32c0 17.67 14.33 32 32 32h144v144c0 17.67 14.33 32 32 32h32c17.67 0 32-14.33 32-32V304h144c17.67 0 32-14.33 32-32v-32c0-17.67-14.33-32-32-32z\"><\/path><\/svg><\/span>\n\t\t<\/span>\n\n\t\t\t\t\t\t<\/summary>\n\t\t\t\t<div role=\"region\" aria-labelledby=\"e-n-accordion-item-1640\" class=\"elementor-element elementor-element-a7b54c0 e-con-full e-flex e-con e-child\" data-id=\"a7b54c0\" data-element_type=\"container\" data-e-type=\"container\">\n\t\t\t\t<div class=\"elementor-element elementor-element-9f57e35 elementor-widget elementor-widget-text-editor\" data-id=\"9f57e35\" data-element_type=\"widget\" data-e-type=\"widget\" data-widget_type=\"text-editor.default\">\n\t\t\t\t\t\t\t\t\t<p><span style=\"color: #212121; font-family: Lato, sans-serif; font-size: 18px;\">With the CE certificate, we document compliance with the requirements for assessment and verification of constancy of performance according to the following standards:<\/span><br style=\"color: #212121; font-family: Lato, sans-serif; font-size: 18px;\" \/><br style=\"color: #212121; font-family: Lato, sans-serif; font-size: 18px;\" \/><span style=\"color: #212121; font-family: Lato, sans-serif; font-size: 18px;\">EN 14915:2013 + A1:2017: Solid wood fa\u00e7ade claddings for interior and exterior use.<\/span><br style=\"color: #212121; font-family: Lato, sans-serif; font-size: 18px;\" \/><span style=\"color: #212121; font-family: Lato, sans-serif; font-size: 18px;\">EN 13986:2004 + A1:2015: Wood-based panels for use in construction.<\/span><br style=\"color: #212121; font-family: Lato, sans-serif; font-size: 18px;\" \/><br style=\"color: #212121; font-family: Lato, sans-serif; font-size: 18px;\" \/><span style=\"color: #212121; font-family: Lato, sans-serif; font-size: 18px;\">Please contact us to request copies of CE certificates and declarations of performance, as well as for any other documentation-related inquiries.<\/span><\/p>\t\t\t\t\t\t\t\t<\/div>\n\t\t\t\t<\/div>\n\t\t\t\t\t<\/details>\n\t\t\t\t\t\t<details id=\"e-n-accordion-item-1641\" class=\"e-n-accordion-item\" >\n\t\t\t\t<summary class=\"e-n-accordion-item-title\" data-accordion-index=\"2\" tabindex=\"-1\" aria-expanded=\"false\" aria-controls=\"e-n-accordion-item-1641\" >\n\t\t\t\t\t<span class='e-n-accordion-item-title-header'><div class=\"e-n-accordion-item-title-text\"> PEFC-sertificate <\/div><\/span>\n\t\t\t\t\t\t\t<span class='e-n-accordion-item-title-icon'>\n\t\t\t<span class='e-opened' ><svg aria-hidden=\"true\" class=\"e-font-icon-svg e-fas-minus\" viewbox=\"0 0 448 512\" xmlns=\"http:\/\/www.w3.org\/2000\/svg\"><path d=\"M416 208H32c-17.67 0-32 14.33-32 32v32c0 17.67 14.33 32 32 32h384c17.67 0 32-14.33 32-32v-32c0-17.67-14.33-32-32-32z\"><\/path><\/svg><\/span>\n\t\t\t<span class='e-closed'><svg aria-hidden=\"true\" class=\"e-font-icon-svg e-fas-plus\" viewbox=\"0 0 448 512\" xmlns=\"http:\/\/www.w3.org\/2000\/svg\"><path d=\"M416 208H272V64c0-17.67-14.33-32-32-32h-32c-17.67 0-32 14.33-32 32v144H32c-17.67 0-32 14.33-32 32v32c0 17.67 14.33 32 32 32h144v144c0 17.67 14.33 32 32 32h32c17.67 0 32-14.33 32-32V304h144c17.67 0 32-14.33 32-32v-32c0-17.67-14.33-32-32-32z\"><\/path><\/svg><\/span>\n\t\t<\/span>\n\n\t\t\t\t\t\t<\/summary>\n\t\t\t\t<div role=\"region\" aria-labelledby=\"e-n-accordion-item-1641\" class=\"elementor-element elementor-element-ca537f7 e-con-full e-flex e-con e-child\" data-id=\"ca537f7\" data-element_type=\"container\" data-e-type=\"container\">\n\t\t\t\t<div class=\"elementor-element elementor-element-f073cd1 elementor-widget elementor-widget-text-editor\" data-id=\"f073cd1\" data-element_type=\"widget\" data-e-type=\"widget\" data-widget_type=\"text-editor.default\">\n\t\t\t\t\t\t\t\t\t<p><span style=\"color: #212121; font-family: Lato, sans-serif; font-size: 18px;\">The purpose of PEFC certification is to promote environmentally responsible, socially beneficial, and economically viable forest management and wood handling.<\/span><\/p>\t\t\t\t\t\t\t\t<\/div>\n\t\t\t\t<\/div>\n\t\t\t\t\t<\/details>\n\t\t\t\t\t\t<details id=\"e-n-accordion-item-1642\" class=\"e-n-accordion-item\" >\n\t\t\t\t<summary class=\"e-n-accordion-item-title\" data-accordion-index=\"3\" tabindex=\"-1\" aria-expanded=\"false\" aria-controls=\"e-n-accordion-item-1642\" >\n\t\t\t\t\t<span class='e-n-accordion-item-title-header'><div class=\"e-n-accordion-item-title-text\"> Partnership <\/div><\/span>\n\t\t\t\t\t\t\t<span class='e-n-accordion-item-title-icon'>\n\t\t\t<span class='e-opened' ><svg aria-hidden=\"true\" class=\"e-font-icon-svg e-fas-minus\" viewbox=\"0 0 448 512\" xmlns=\"http:\/\/www.w3.org\/2000\/svg\"><path d=\"M416 208H32c-17.67 0-32 14.33-32 32v32c0 17.67 14.33 32 32 32h384c17.67 0 32-14.33 32-32v-32c0-17.67-14.33-32-32-32z\"><\/path><\/svg><\/span>\n\t\t\t<span class='e-closed'><svg aria-hidden=\"true\" class=\"e-font-icon-svg e-fas-plus\" viewbox=\"0 0 448 512\" xmlns=\"http:\/\/www.w3.org\/2000\/svg\"><path d=\"M416 208H272V64c0-17.67-14.33-32-32-32h-32c-17.67 0-32 14.33-32 32v144H32c-17.67 0-32 14.33-32 32v32c0 17.67 14.33 32 32 32h144v144c0 17.67 14.33 32 32 32h32c17.67 0 32-14.33 32-32V304h144c17.67 0 32-14.33 32-32v-32c0-17.67-14.33-32-32-32z\"><\/path><\/svg><\/span>\n\t\t<\/span>\n\n\t\t\t\t\t\t<\/summary>\n\t\t\t\t<div role=\"region\" aria-labelledby=\"e-n-accordion-item-1642\" class=\"elementor-element elementor-element-a2981ef e-con-full e-flex e-con e-child\" data-id=\"a2981ef\" data-element_type=\"container\" data-e-type=\"container\">\n\t\t\t\t<div class=\"elementor-element elementor-element-cd20914 elementor-widget elementor-widget-text-editor\" data-id=\"cd20914\" data-element_type=\"widget\" data-e-type=\"widget\" data-widget_type=\"text-editor.default\">\n\t\t\t\t\t\t\t\t\t<ul class=\"list\" role=\"list\"><li><div class=\"tx-18\"><span style=\"text-decoration: underline;\"><a href=\"https:\/\/bestnofire.com\/sertifikaadid\/#\" target=\"_blank\" rel=\"noopener\" data-textarea=\"ta3ee0a4db\" data-link=\"a23\">DBI\u00a0&#8211; http:\/\/www.dbi-net.dk<\/a><\/span><\/div><\/li><li><div class=\"tx-18\"><span style=\"text-decoration: underline;\"><a href=\"https:\/\/bestnofire.com\/sertifikaadid\/#\" target=\"_blank\" rel=\"noopener\" data-textarea=\"tanf923a07\" data-link=\"a23\"><strong>RI.SE<\/strong>\u00a0&#8211; https:\/\/www.ri.se<\/a><\/span><\/div><\/li><li><div class=\"tx-18\"><span style=\"text-decoration: underline;\"><a href=\"https:\/\/bestnofire.com\/sertifikaadid\/#\" target=\"_blank\" rel=\"noopener\" data-textarea=\"tan68f9aa9d\" data-link=\"a23\"><strong>MPA &#8211; Dresden<\/strong>\u00a0&#8211; http:\/\/www.mpa-dresden.com<\/a><\/span><\/div><\/li><li><div class=\"tx-18\"><span style=\"text-decoration: underline;\"><a href=\"https:\/\/bestnofire.com\/sertifikaadid\/#\" target=\"_blank\" rel=\"noopener\" data-textarea=\"ta1ff03f44\" data-link=\"a23\"><strong>MPA &#8211; Eberswalde<\/strong>\u00a0&#8211; http:\/\/www.mpaew.de<\/a><\/span><\/div><\/li><li><div class=\"tx-18\" data-textarea=\"taneec0b2a\"><span style=\"text-decoration: underline;\"><strong>ITB<\/strong>\u00a0&#8211; https:\/\/www.itb.pl\u200b<\/span><\/div><\/li><li><div class=\"tx-18\" data-textarea=\"tan4c8b30a5\"><span style=\"text-decoration: underline;\"><strong>BRE<\/strong>\u00a0&#8211; https:\/\/www.bre.co.uk<\/span><\/div><\/li><\/ul>\t\t\t\t\t\t\t\t<\/div>\n\t\t\t\t<\/div>\n\t\t\t\t\t<\/details>\n\t\t\t\t\t<\/div>\n\t\t\t\t\t\t<\/div>\n\t\t\t\t\t<\/div>\n\t\t\t\t<\/div>\n\t\t\t\t<\/div>","protected":false},"excerpt":{"rendered":"<p>Sertifikaadid Omame tuleaeglustiga immutamiseks CE-sertifikaati, meid auditeerib Soome sertifitseerimisagentuur Finotrol Oy regulaarselt AVCP (toimivuse j\u00e4rjepidevuse hindamise ja kontrolli s\u00fcsteem) s\u00fcsteemi [&hellip;]<\/p>\n","protected":false},"author":1,"featured_media":0,"parent":0,"menu_order":0,"comment_status":"closed","ping_status":"closed","template":"","meta":{"_monsterinsights_skip_tracking":false,"_monsterinsights_sitenote_active":false,"_monsterinsights_sitenote_note":"","_monsterinsights_sitenote_category":0,"site-sidebar-layout":"no-sidebar","site-content-layout":"","ast-site-content-layout":"full-width-container","site-content-style":"default","site-sidebar-style":"default","ast-global-header-display":"","ast-banner-title-visibility":"","ast-main-header-display":"","ast-hfb-above-header-display":"","ast-hfb-below-header-display":"","ast-hfb-mobile-header-display":"","site-post-title":"","ast-breadcrumbs-content":"","ast-featured-img":"disabled","footer-sml-layout":"","ast-disable-related-posts":"","theme-transparent-header-meta":"","adv-header-id-meta":"","stick-header-meta":"","header-above-stick-meta":"","header-main-stick-meta":"","header-below-stick-meta":"","astra-migrate-meta-layouts":"default","ast-page-background-enabled":"default","ast-page-background-meta":{"desktop":{"background-color":"var(--ast-global-color-5)","background-image":"","background-repeat":"repeat","background-position":"center center","background-size":"auto","background-attachment":"scroll","background-type":"","background-media":"","overlay-type":"","overlay-color":"","overlay-opacity":"","overlay-gradient":""},"tablet":{"background-color":"","background-image":"","background-repeat":"repeat","background-position":"center center","background-size":"auto","background-attachment":"scroll","background-type":"","background-media":"","overlay-type":"","overlay-color":"","overlay-opacity":"","overlay-gradient":""},"mobile":{"background-color":"","background-image":"","background-repeat":"repeat","background-position":"center center","background-size":"auto","background-attachment":"scroll","background-type":"","background-media":"","overlay-type":"","overlay-color":"","overlay-opacity":"","overlay-gradient":""}},"ast-content-background-meta":{"desktop":{"background-color":"var(--ast-global-color-4)","background-image":"","background-repeat":"repeat","background-position":"center center","background-size":"auto","background-attachment":"scroll","background-type":"","background-media":"","overlay-type":"","overlay-color":"","overlay-opacity":"","overlay-gradient":""},"tablet":{"background-color":"var(--ast-global-color-4)","background-image":"","background-repeat":"repeat","background-position":"center center","background-size":"auto","background-attachment":"scroll","background-type":"","background-media":"","overlay-type":"","overlay-color":"","overlay-opacity":"","overlay-gradient":""},"mobile":{"background-color":"var(--ast-global-color-4)","background-image":"","background-repeat":"repeat","background-position":"center center","background-size":"auto","background-attachment":"scroll","background-type":"","background-media":"","overlay-type":"","overlay-color":"","overlay-opacity":"","overlay-gradient":""}},"footnotes":""},"class_list":["post-194","page","type-page","status-publish","hentry"],"aioseo_notices":[],"_links":{"self":[{"href":"https:\/\/uus.bestnofire.com\/en\/wp-json\/wp\/v2\/pages\/194","targetHints":{"allow":["GET"]}}],"collection":[{"href":"https:\/\/uus.bestnofire.com\/en\/wp-json\/wp\/v2\/pages"}],"about":[{"href":"https:\/\/uus.bestnofire.com\/en\/wp-json\/wp\/v2\/types\/page"}],"author":[{"embeddable":true,"href":"https:\/\/uus.bestnofire.com\/en\/wp-json\/wp\/v2\/users\/1"}],"replies":[{"embeddable":true,"href":"https:\/\/uus.bestnofire.com\/en\/wp-json\/wp\/v2\/comments?post=194"}],"version-history":[{"count":5,"href":"https:\/\/uus.bestnofire.com\/en\/wp-json\/wp\/v2\/pages\/194\/revisions"}],"predecessor-version":[{"id":519,"href":"https:\/\/uus.bestnofire.com\/en\/wp-json\/wp\/v2\/pages\/194\/revisions\/519"}],"wp:attachment":[{"href":"https:\/\/uus.bestnofire.com\/en\/wp-json\/wp\/v2\/media?parent=194"}],"curies":[{"name":"wp","href":"https:\/\/api.w.org\/{rel}","templated":true}]}}