{"id":196,"date":"2026-01-27T11:40:21","date_gmt":"2026-01-27T11:40:21","guid":{"rendered":"https:\/\/uus.bestnofire.com\/?page_id=196"},"modified":"2026-03-19T13:20:01","modified_gmt":"2026-03-19T13:20:01","slug":"meist","status":"publish","type":"page","link":"https:\/\/uus.bestnofire.com\/en\/meist\/","title":{"rendered":"About us"},"content":{"rendered":"<div data-elementor-type=\"wp-page\" data-elementor-id=\"196\" class=\"elementor elementor-196\" data-elementor-post-type=\"page\">\n\t\t\t\t<div class=\"elementor-element elementor-element-5e3edc3 e-flex e-con-boxed e-con e-parent\" data-id=\"5e3edc3\" data-element_type=\"container\" data-e-type=\"container\">\n\t\t\t\t\t<div class=\"e-con-inner\">\n\t\t<div class=\"elementor-element elementor-element-6981bd7 e-con-full e-flex e-con e-child\" data-id=\"6981bd7\" data-element_type=\"container\" data-e-type=\"container\">\n\t\t\t\t<div class=\"elementor-element elementor-element-f5ce7e9 elementor-widget elementor-widget-text-editor\" data-id=\"f5ce7e9\" data-element_type=\"widget\" data-e-type=\"widget\" data-widget_type=\"text-editor.default\">\n\t\t\t\t\t\t\t\t\t<h1 class=\"page-title\" style=\"font-size: 50px; margin-bottom: 15px; line-height: 1.4; width: 400px; letter-spacing: 0.03rem; color: #212121; font-family: Lato, sans-serif; font-style: normal;\" data-text=\"t46c93d2\">About us<\/h1>\t\t\t\t\t\t\t\t<\/div>\n\t\t\t\t<\/div>\n\t\t<div class=\"elementor-element elementor-element-dee5e9a e-con-full e-flex e-con e-child\" data-id=\"dee5e9a\" data-element_type=\"container\" data-e-type=\"container\">\n\t\t\t\t<div class=\"elementor-element elementor-element-4777a69 elementor-widget elementor-widget-text-editor\" data-id=\"4777a69\" data-element_type=\"widget\" data-e-type=\"widget\" data-widget_type=\"text-editor.default\">\n\t\t\t\t\t\t\t\t\t<div class=\"intr-about pikk-intro\" style=\"z-index: 1; width: 1200px; max-width: 90%; color: rgb(33, 33, 33); flex-direction: column; align-items: stretch; margin-left: auto; margin-right: auto; padding-left: 0px; padding-right: 0px; display: flex; position: relative; font-family: Lato, sans-serif;\"><div class=\"gr-home1\" style=\"width: 1200px; max-width: 100%; gap: 0px 100px; flex: 0 1 auto; order: 1; grid-template-rows: auto; grid-template-columns: 1fr 1fr; grid-auto-columns: 1fr; align-content: stretch; align-items: start; margin-top: 0px; margin-bottom: 0px; padding-left: 0px; padding-right: 0px; font-size: 18px; display: grid; position: static;\"><div class=\"tx-intro\" data-text=\"tn21bb177e\" style=\"width: 500px; padding-left: 0px; line-height: 1.5;\">The implementation of new technologies in the wood industry increasingly allows the use of wood products in construction as an alternative to concrete, steel, aluminum, or plastic. In most cases, the energy required for processing and transporting wood is less than the energy stored in the wood through photosynthesis.<\/div><div><br><\/div><\/div><\/div>\t\t\t\t\t\t\t\t<\/div>\n\t\t\t\t<\/div>\n\t\t\t\t\t<\/div>\n\t\t\t\t<\/div>\n\t\t<div class=\"elementor-element elementor-element-2d49c94 e-flex e-con-boxed e-con e-parent\" data-id=\"2d49c94\" data-element_type=\"container\" data-e-type=\"container\">\n\t\t\t\t\t<div class=\"e-con-inner\">\n\t\t\t\t<div class=\"elementor-element elementor-element-da35993 elementor-widget elementor-widget-spacer\" data-id=\"da35993\" data-element_type=\"widget\" data-e-type=\"widget\" data-widget_type=\"spacer.default\">\n\t\t\t\t\t\t\t<div class=\"elementor-spacer\">\n\t\t\t<div class=\"elementor-spacer-inner\"><\/div>\n\t\t<\/div>\n\t\t\t\t\t\t<\/div>\n\t\t\t\t\t<\/div>\n\t\t\t\t<\/div>\n\t\t<div class=\"elementor-element elementor-element-3a770cf e-flex e-con-boxed e-con e-parent\" data-id=\"3a770cf\" data-element_type=\"container\" data-e-type=\"container\">\n\t\t\t\t\t<div class=\"e-con-inner\">\n\t\t\t\t<div class=\"elementor-element elementor-element-b024b0d elementor-widget elementor-widget-heading\" data-id=\"b024b0d\" data-element_type=\"widget\" data-e-type=\"widget\" data-widget_type=\"heading.default\">\n\t\t\t\t\t<h2 class=\"elementor-heading-title elementor-size-default\"><span style=\"font-family: Lato, sans-serif;font-size: 42px;letter-spacing: 0.48px\">Wood<\/span><\/h2>\t\t\t\t<\/div>\n\t\t\t\t\t<\/div>\n\t\t\t\t<\/div>\n\t\t<div class=\"elementor-element elementor-element-b3ae419 e-flex e-con-boxed e-con e-parent\" data-id=\"b3ae419\" data-element_type=\"container\" data-e-type=\"container\">\n\t\t\t\t\t<div class=\"e-con-inner\">\n\t\t\t\t<div class=\"elementor-element elementor-element-dc3e8f2 elementor-widget elementor-widget-text-editor\" data-id=\"dc3e8f2\" data-element_type=\"widget\" data-e-type=\"widget\" data-widget_type=\"text-editor.default\">\n\t\t\t\t\t\t\t\t\t<p><span style=\"color: #212121; font-family: Lato, sans-serif; font-size: 18px;\">Wood is actually the only carbon-neutral building material. By using more wood products, we leave a much smaller environmental footprint compared to using concrete, steel, aluminum, or synthetic materials.<\/span><br style=\"color: #212121; font-family: Lato, sans-serif; font-size: 18px;\" \/><br style=\"color: #212121; font-family: Lato, sans-serif; font-size: 18px;\" \/><span style=\"color: #212121; font-family: Lato, sans-serif; font-size: 18px;\">It has been calculated that increasing the share of wooden buildings in Europe by 10% alone would reduce CO\u2082 emissions by 25%, aligning with the goals of the Kyoto Protocol.<\/span><br style=\"color: #212121; font-family: Lato, sans-serif; font-size: 18px;\" \/><br style=\"color: #212121; font-family: Lato, sans-serif; font-size: 18px;\" \/><span style=\"color: #212121; font-family: Lato, sans-serif; font-size: 18px;\">One of the challenges for wider use of wood products in building exterior and interior structures has been the flammability of wood. The aim of BestNoFire is to create new opportunities for the broader and more sustainable use of wood materials, even in buildings with higher fire safety requirements, while contributing to the reduction of CO\u2082 emissions.<\/span><\/p>\t\t\t\t\t\t\t\t<\/div>\n\t\t\t\t\t<\/div>\n\t\t\t\t<\/div>\n\t\t<div class=\"elementor-element elementor-element-2adff90 e-flex e-con-boxed e-con e-parent\" data-id=\"2adff90\" data-element_type=\"container\" data-e-type=\"container\">\n\t\t\t\t\t<div class=\"e-con-inner\">\n\t\t\t\t<div class=\"elementor-element elementor-element-b387a62 elementor-widget elementor-widget-image\" data-id=\"b387a62\" data-element_type=\"widget\" data-e-type=\"widget\" data-widget_type=\"image.default\">\n\t\t\t\t\t\t\t\t\t\t\t\t\t\t\t<img fetchpriority=\"high\" decoding=\"async\" width=\"1024\" height=\"576\" src=\"https:\/\/uus.bestnofire.com\/wp-content\/uploads\/2026\/02\/Burnblock_BestNoFire-1024x576.jpg\" class=\"attachment-large size-large wp-image-412\" alt=\"\" srcset=\"https:\/\/uus.bestnofire.com\/wp-content\/uploads\/2026\/02\/Burnblock_BestNoFire-1024x576.jpg 1024w, https:\/\/uus.bestnofire.com\/wp-content\/uploads\/2026\/02\/Burnblock_BestNoFire-300x169.jpg 300w, https:\/\/uus.bestnofire.com\/wp-content\/uploads\/2026\/02\/Burnblock_BestNoFire-768x432.jpg 768w, https:\/\/uus.bestnofire.com\/wp-content\/uploads\/2026\/02\/Burnblock_BestNoFire-1536x864.jpg 1536w, https:\/\/uus.bestnofire.com\/wp-content\/uploads\/2026\/02\/Burnblock_BestNoFire-2048x1152.jpg 2048w\" sizes=\"(max-width: 1024px) 100vw, 1024px\" \/>\t\t\t\t\t\t\t\t\t\t\t\t\t\t\t<\/div>\n\t\t\t\t\t<\/div>\n\t\t\t\t<\/div>\n\t\t<div class=\"elementor-element elementor-element-e6609c8 e-flex e-con-boxed e-con e-parent\" data-id=\"e6609c8\" data-element_type=\"container\" data-e-type=\"container\">\n\t\t\t\t\t<div class=\"e-con-inner\">\n\t\t\t\t<div class=\"elementor-element elementor-element-bf0f6b2 elementor-widget elementor-widget-spacer\" data-id=\"bf0f6b2\" data-element_type=\"widget\" data-e-type=\"widget\" data-widget_type=\"spacer.default\">\n\t\t\t\t\t\t\t<div class=\"elementor-spacer\">\n\t\t\t<div class=\"elementor-spacer-inner\"><\/div>\n\t\t<\/div>\n\t\t\t\t\t\t<\/div>\n\t\t\t\t\t<\/div>\n\t\t\t\t<\/div>\n\t\t<div class=\"elementor-element elementor-element-71a1e59 e-flex e-con-boxed e-con e-parent\" data-id=\"71a1e59\" data-element_type=\"container\" data-e-type=\"container\">\n\t\t\t\t\t<div class=\"e-con-inner\">\n\t\t\t\t<div class=\"elementor-element elementor-element-d616188 elementor-widget elementor-widget-heading\" data-id=\"d616188\" data-element_type=\"widget\" data-e-type=\"widget\" data-widget_type=\"heading.default\">\n\t\t\t\t\t<h2 class=\"elementor-heading-title elementor-size-default\"><span style=\"font-family: Lato, sans-serif;font-size: 42px;letter-spacing: 0.48px\">Modern solution<\/span><\/h2>\t\t\t\t<\/div>\n\t\t\t\t\t<\/div>\n\t\t\t\t<\/div>\n\t\t<div class=\"elementor-element elementor-element-fbfa4bd e-flex e-con-boxed e-con e-parent\" data-id=\"fbfa4bd\" data-element_type=\"container\" data-e-type=\"container\">\n\t\t\t\t\t<div class=\"e-con-inner\">\n\t\t\t\t<div class=\"elementor-element elementor-element-b48abe8 elementor-widget elementor-widget-text-editor\" data-id=\"b48abe8\" data-element_type=\"widget\" data-e-type=\"widget\" data-widget_type=\"text-editor.default\">\n\t\t\t\t\t\t\t\t\t<p><span style=\"color: #212121; font-family: Lato, sans-serif; font-size: 18px;\">To achieve this goal, we have invested in a modern pressure treatment system that allows us to impregnate products made from various types of wood and at different treatment levels. The BURNBLOCK fire retardant we use is 100% natural, biodegradable, pH-neutral, non-corrosive, and has been awarded the Cradle to Cradle Certified\u2122 Gold level certification.<\/span><br style=\"color: #212121; font-family: Lato, sans-serif; font-size: 18px;\" \/><br style=\"color: #212121; font-family: Lato, sans-serif; font-size: 18px;\" \/><span style=\"color: #212121; font-family: Lato, sans-serif; font-size: 18px;\">BestNoFire offers BURNBLOCK fire retardant impregnation services to partners in the wood and\/or construction sectors, as well as to anyone whose plans and activities support environmentally sustainable and resource-efficient practices, creating new opportunities for the broader and more sustainable use of wood materials, even in buildings with higher fire safety requirements.<\/span><\/p>\t\t\t\t\t\t\t\t<\/div>\n\t\t\t\t\t<\/div>\n\t\t\t\t<\/div>\n\t\t\t\t<\/div>","protected":false},"excerpt":{"rendered":"<p>Meist Uute tehnoloogiate rakendamine puidut\u00f6\u00f6stuses v\u00f5imaldab j\u00e4rjest enam kasutada puidust tooteid ehituses betooni, terase, alumiiniumi v\u00f5i plasti alternatiivina. Enamikel juhtudel [&hellip;]<\/p>\n","protected":false},"author":1,"featured_media":0,"parent":0,"menu_order":0,"comment_status":"closed","ping_status":"closed","template":"","meta":{"_monsterinsights_skip_tracking":false,"_monsterinsights_sitenote_active":false,"_monsterinsights_sitenote_note":"","_monsterinsights_sitenote_category":0,"site-sidebar-layout":"no-sidebar","site-content-layout":"","ast-site-content-layout":"full-width-container","site-content-style":"default","site-sidebar-style":"default","ast-global-header-display":"","ast-banner-title-visibility":"","ast-main-header-display":"","ast-hfb-above-header-display":"","ast-hfb-below-header-display":"","ast-hfb-mobile-header-display":"","site-post-title":"","ast-breadcrumbs-content":"","ast-featured-img":"disabled","footer-sml-layout":"","ast-disable-related-posts":"","theme-transparent-header-meta":"","adv-header-id-meta":"","stick-header-meta":"","header-above-stick-meta":"","header-main-stick-meta":"","header-below-stick-meta":"","astra-migrate-meta-layouts":"default","ast-page-background-enabled":"default","ast-page-background-meta":{"desktop":{"background-color":"var(--ast-global-color-5)","background-image":"","background-repeat":"repeat","background-position":"center center","background-size":"auto","background-attachment":"scroll","background-type":"","background-media":"","overlay-type":"","overlay-color":"","overlay-opacity":"","overlay-gradient":""},"tablet":{"background-color":"","background-image":"","background-repeat":"repeat","background-position":"center center","background-size":"auto","background-attachment":"scroll","background-type":"","background-media":"","overlay-type":"","overlay-color":"","overlay-opacity":"","overlay-gradient":""},"mobile":{"background-color":"","background-image":"","background-repeat":"repeat","background-position":"center center","background-size":"auto","background-attachment":"scroll","background-type":"","background-media":"","overlay-type":"","overlay-color":"","overlay-opacity":"","overlay-gradient":""}},"ast-content-background-meta":{"desktop":{"background-color":"var(--ast-global-color-4)","background-image":"","background-repeat":"repeat","background-position":"center center","background-size":"auto","background-attachment":"scroll","background-type":"","background-media":"","overlay-type":"","overlay-color":"","overlay-opacity":"","overlay-gradient":""},"tablet":{"background-color":"var(--ast-global-color-4)","background-image":"","background-repeat":"repeat","background-position":"center center","background-size":"auto","background-attachment":"scroll","background-type":"","background-media":"","overlay-type":"","overlay-color":"","overlay-opacity":"","overlay-gradient":""},"mobile":{"background-color":"var(--ast-global-color-4)","background-image":"","background-repeat":"repeat","background-position":"center center","background-size":"auto","background-attachment":"scroll","background-type":"","background-media":"","overlay-type":"","overlay-color":"","overlay-opacity":"","overlay-gradient":""}},"footnotes":""},"class_list":["post-196","page","type-page","status-publish","hentry"],"aioseo_notices":[],"_links":{"self":[{"href":"https:\/\/uus.bestnofire.com\/en\/wp-json\/wp\/v2\/pages\/196","targetHints":{"allow":["GET"]}}],"collection":[{"href":"https:\/\/uus.bestnofire.com\/en\/wp-json\/wp\/v2\/pages"}],"about":[{"href":"https:\/\/uus.bestnofire.com\/en\/wp-json\/wp\/v2\/types\/page"}],"author":[{"embeddable":true,"href":"https:\/\/uus.bestnofire.com\/en\/wp-json\/wp\/v2\/users\/1"}],"replies":[{"embeddable":true,"href":"https:\/\/uus.bestnofire.com\/en\/wp-json\/wp\/v2\/comments?post=196"}],"version-history":[{"count":5,"href":"https:\/\/uus.bestnofire.com\/en\/wp-json\/wp\/v2\/pages\/196\/revisions"}],"predecessor-version":[{"id":526,"href":"https:\/\/uus.bestnofire.com\/en\/wp-json\/wp\/v2\/pages\/196\/revisions\/526"}],"wp:attachment":[{"href":"https:\/\/uus.bestnofire.com\/en\/wp-json\/wp\/v2\/media?parent=196"}],"curies":[{"name":"wp","href":"https:\/\/api.w.org\/{rel}","templated":true}]}}